{"id":3,"date":"2019-10-31T16:25:23","date_gmt":"2019-10-31T15:25:23","guid":{"rendered":"http:\/\/www.ciciarapp.it\/?page_id=3"},"modified":"2022-08-30T13:57:08","modified_gmt":"2022-08-30T11:57:08","slug":"privacy-policy","status":"publish","type":"page","link":"https:\/\/delpiuedelmeno.it\/en\/privacy-policy\/","title":{"rendered":"Privacy Policy"},"content":{"rendered":"<h3 class=\"wp-block-heading\">INFORMATIVA SUL TRATTAMENTO DEI DATI PERSONALI DEI VISITATORI DEL SITO AI SENSI DEL REGOLAMENTO (UE) 2016\/679 (&#8220;GDPR&#8221;)<\/h3>\n\n\n\n<ol class=\"wp-block-list\"><li> INTRODUZIONE <br>Ai sensi dell&#8217;art. 13 del Regolamento (UE) 2016\/679, relativo alla protezione delle persone fisiche con riguardo al trattamento dei dati personali (&#8220;GDPR&#8221;), Le forniamo le informazioni sul trattamento dei dati personali che La riguardano (&#8220;Dati&#8221;), raccolti attraverso la navigazione del sito, effettuato da Tice Cooperativa Sociale<br> <\/li><li> TITOLARE DEL TRATTAMENTO E RESPONSABILE PROTEZIONE DATI TITOLARE DEL TRATTAMENTO<br>Tice Cooperativa Sociale<br>sede legale: Trevozzo di Nibbiano<br>indirizzo e.mail: piacenza@centrotice.it<br>(di seguito, &#8220;Titolare&#8221;) <\/li><\/ol>\n\n\n\n<p>La presente pagina informativa, realizzata secondo i requisiti previsti dal Reg.UE 2016\/679 &#8220;General Data Protection Regulation&#8221;, riporta specifiche informazioni riferite ai seguenti ambiti:<\/p>\n\n\n\n<ol class=\"wp-block-list\"><li> <strong>Dati di navigazione<\/strong> <br><br><strong>Finalit\u00e0 e base giuridica del trattamento<\/strong><br>I dati di navigazione sono raccolti automaticamente in forma esclusivamente aggregata al fine di verificare il corretto funzionamento del sito, ricavare informazioni statistiche anonime e per motivi di sicurezza. Sono informazioni che non sono raccolte per essere associate a interessati identificati, ma che per loro stessa natura potrebbero, attraverso elaborazioni ed associazioni con dati detenuti da terzi, permettere di identificare gli utenti. A fini di sicurezza (filtri antispam, firewall, rilevazione virus), i dati registrati automaticamente possono eventualmente comprendere anche dati personali come l&#8217;indirizzo IP, che potrebbe essere utilizzato, conformemente alle leggi vigenti in materia, al fine di bloccare tentativi di danneggiamento al sito medesimo o di recare danno ad altri utenti, o comunque attivit\u00e0 dannose o costituenti reato e per l&#8217;accertamento delle relative responsabilit\u00e0; potranno essere messi quindi a disposizione delle autorit\u00e0 competenti Tali dati non sono mai utilizzati per la profilazione. Sono conservati per un periodo massimo di 6 mesi. <br><br><\/li><li> <strong>Cookies <\/strong><br><br>Per informazioni specifiche \u00e8 possibile consultare la <a href=\"\/en\/utilizzo-dei-cookies\/\">cookies policy<\/a> <br><br><\/li><li><strong> Dati conferiti volontariamente attraverso la compilazione di moduli sul sito <\/strong><br><br><strong>Finalit\u00e0 e base giuridica del trattamento<\/strong><br>Compilazione moduli: vengono trattati i dati identificativi, di contatto ed eventuale dettaglio alla richiesta, necessari per poter gestire le richieste espresse attraverso la compilazione del modulo. La base giuridica si rinviene nell&#8217;articolo 6 comma 1 lettera b) del Regolamento UE\/679\/2016.<br><br>Iscrizione newsletter: I dati personali (nome indirizzo mail) sono raccolti e utilizzati per l&#8217;invio della newsletter. La base giuridica si rinviene nell&#8217;articolo 6 comma 1 lettera b) del Regolamento UE\/679\/2016<br><br><strong>Conferimento<\/strong><br>Il conferimento dei dati \u00e8 volontario; il mancato invio di dati personali pu\u00f2 comportare l&#8217;impossibilit\u00e0 di ottenere gli eventuali servizi e\/o informazioni richiesti.<br><br><strong>Ambito di comunicazione<\/strong><br>I dati sono trattati da personale regolarmente autorizzato ed istruito al trattamento e da soggetti terzi nominati Responsabili del trattamento, garantendo la massima tutela della loro riservatezza, operando in piena conformit\u00e0 al Regolamento 2016\/679\/UE, e soltanto per le finalit\u00e0 dichiarate nella presente informativa. I dati personali non saranno oggetto di diffusione.<br><br><strong>Periodo di conservazione dei dati<\/strong><br>I dati sono conservati per tempi compatibili con la finalit\u00e0 della raccolta. <br>I dati raccolti per l\u2019invio della newsletter sono conservati fino a che il servizio verr\u00e0 fornito, a meno che l\u2019interessato revochi la sua iscrizione seguendo le istruzioni fornite.<br><br><\/li><li> <strong>MODALITA&#8217; DEL TRATTAMENTO<\/strong> <br><br>Il trattamento dei Dati \u00e8 improntato ai principi di correttezza, liceit\u00e0, trasparenza e minimizzazione dei dati (privacy by design); potr\u00e0 essere effettuato sia manualmente che attraverso modalit\u00e0 automatizzate atte a memorizzarli, elaborarli e trasmetterli ed avverr\u00e0 mediante misure tecniche e organizzative adeguate, tenendo conto dello stato della tecnica e dei costi di attuazione, a garantire, fra l&#8217;altro, la sicurezza, la riservatezza, l&#8217;integrit\u00e0, la disponibilit\u00e0 e la resilienza dei sistemi e dei servizi, evitando il rischio di perdita, distruzione, accesso o divulgazione non autorizzati o, comunque, uso illecito, nonch\u00e9 mediante misure ragionevoli per cancellare o rettificare tempestivamente i dati inesatti rispetto alle finalit\u00e0 per le quali sono trattati. <br><br><\/li><li><strong> DIRITTI DELL&#8217;INTERESSATO (ART. 15- 22 del GDPR) <\/strong><br><br><ul><li>Agli interessati sono riconosciuti i diritti di cui agli artt. da 15 al 22 del GDPR, laddove applicabili<\/li><li>In particolare, gli interessati possono chiedere al Titolare l&#8217;accesso ai Dati, la rettifica dei Dati inesatti, l&#8217;integrazione dei Dati incompleti, la cancellazione dei Dati, nonch\u00e9 la limitazione del trattamento nei casi previsti dall&#8217;art. 18 del GDPR.<\/li><li>Gli interessati hanno il diritto di opporsi in qualsiasi momento, in tutto od in parte, al trattamento dei Dati necessario per il perseguimento del legittimo interesse del Titolare.<\/li><li>Gli interessati, inoltre, nei casi previsti dall&#8217;art. 20 del GDPR per l&#8217;esercizio del diritto alla portabilit\u00e0, hanno il diritto di ricevere in un formato strutturato, di uso comune e leggibile da dispositivo automatico i Dati forniti al Titolare, nonch\u00e9, se tecnicamente fattibile, di trasmetterli ad altro titolare senza impedimenti.<\/li><li>Gli interessati hanno il diritto di revocare il consenso prestato in qualsiasi momento per finalit\u00e0 di marketing e\/o di profilazione, nonch\u00e9 di opporsi al trattamento dei dati per finalit\u00e0 di marketing, compresa la profilazione connessa al marketing diretto. Resta ferma la possibilit\u00e0 per l&#8217;interessato che preferisca essere contattato per la suddetta finalit\u00e0 esclusivamente tramite modalit\u00e0 tradizionali, di manifestare la sua opposizione solo alla ricezione di comunicazioni attraverso modalit\u00e0 automatizzate.<\/li><li>Gli interessati hanno il diritto di proporre reclamo all&#8217;Autorit\u00e0 di controllo competente (in particolare nello Stato membro in cui risiedono abitualmente o lavorano o dello Stato in cui si \u00e8 verificata la presunta violazione).<\/li><li>Tali diritti possono essere esercitati, a mezzo posta raccomandata o PEC, all&#8217;indirizzo del Titolare del Trattamento o del Responsabile della Protezione dei Dati Personali, come individuati al punto 2. <br><br><\/li><\/ul><\/li><li><strong> AGGIORNAMENTO DELLA POLICY<\/strong> <br><br>Si segnala che la presente informativa pu\u00f2 essere oggetto di revisione periodica, anche in relazione alla normativa ed alla giurisprudenza di riferimento. In caso di variazioni significative verr\u00e0 data, per un tempo congruo, opportuna evidenza in home-page del sito. Si invita comunque l&#8217;interessato a consultare periodicamente la presente policy. <\/li><\/ol>\n\n\n\n<p><\/p>","protected":false},"excerpt":{"rendered":"<p>INFORMATIVA SUL TRATTAMENTO DEI DATI PERSONALI DEI VISITATORI DEL SITO AI SENSI DEL REGOLAMENTO (UE) 2016\/679 (&#8220;GDPR&#8221;) INTRODUZIONE Ai sensi dell&#8217;art. 13 [&hellip;]<\/p>","protected":false},"author":1,"featured_media":0,"parent":0,"menu_order":0,"comment_status":"closed","ping_status":"open","template":"","meta":{"footnotes":""},"class_list":["post-3","page","type-page","status-publish","hentry"],"yoast_head":"<!-- This site is optimized with the Yoast SEO plugin v24.6 - https:\/\/yoast.com\/wordpress\/plugins\/seo\/ -->\n<title>Privacy Policy - Del+Del-<\/title>\n<meta name=\"robots\" content=\"index, follow, max-snippet:-1, max-image-preview:large, max-video-preview:-1\" \/>\n<link rel=\"canonical\" href=\"https:\/\/delpiuedelmeno.it\/en\/privacy-policy\/\" \/>\n<meta property=\"og:locale\" content=\"en_GB\" \/>\n<meta property=\"og:type\" content=\"article\" \/>\n<meta property=\"og:title\" content=\"Privacy Policy - Del+Del-\" \/>\n<meta property=\"og:description\" content=\"INFORMATIVA SUL TRATTAMENTO DEI DATI PERSONALI DEI VISITATORI DEL SITO AI SENSI DEL REGOLAMENTO (UE) 2016\/679 (&#8220;GDPR&#8221;) INTRODUZIONE Ai sensi dell&#8217;art. 13 [&hellip;]\" \/>\n<meta property=\"og:url\" content=\"https:\/\/delpiuedelmeno.it\/en\/privacy-policy\/\" \/>\n<meta property=\"og:site_name\" content=\"Del+Del-\" \/>\n<meta property=\"article:modified_time\" content=\"2022-08-30T11:57:08+00:00\" \/>\n<meta name=\"twitter:card\" content=\"summary_large_image\" \/>\n<meta name=\"twitter:label1\" content=\"Estimated reading time\" \/>\n\t<meta name=\"twitter:data1\" content=\"5 minutes\" \/>\n<script type=\"application\/ld+json\" class=\"yoast-schema-graph\">{\"@context\":\"https:\/\/schema.org\",\"@graph\":[{\"@type\":\"WebPage\",\"@id\":\"https:\/\/delpiuedelmeno.it\/privacy-policy\/\",\"url\":\"https:\/\/delpiuedelmeno.it\/privacy-policy\/\",\"name\":\"Privacy Policy - Del+Del-\",\"isPartOf\":{\"@id\":\"https:\/\/delpiuedelmeno.it\/#website\"},\"datePublished\":\"2019-10-31T15:25:23+00:00\",\"dateModified\":\"2022-08-30T11:57:08+00:00\",\"breadcrumb\":{\"@id\":\"https:\/\/delpiuedelmeno.it\/privacy-policy\/#breadcrumb\"},\"inLanguage\":\"en-GB\",\"potentialAction\":[{\"@type\":\"ReadAction\",\"target\":[\"https:\/\/delpiuedelmeno.it\/privacy-policy\/\"]}]},{\"@type\":\"BreadcrumbList\",\"@id\":\"https:\/\/delpiuedelmeno.it\/privacy-policy\/#breadcrumb\",\"itemListElement\":[{\"@type\":\"ListItem\",\"position\":1,\"name\":\"Home\",\"item\":\"https:\/\/delpiuedelmeno.it\/\"},{\"@type\":\"ListItem\",\"position\":2,\"name\":\"Privacy Policy\"}]},{\"@type\":\"WebSite\",\"@id\":\"https:\/\/delpiuedelmeno.it\/#website\",\"url\":\"https:\/\/delpiuedelmeno.it\/\",\"name\":\"Del+Del-\",\"description\":\"Il web che trasforma la solitudine in chiacchiere\",\"publisher\":{\"@id\":\"https:\/\/delpiuedelmeno.it\/#organization\"},\"potentialAction\":[{\"@type\":\"SearchAction\",\"target\":{\"@type\":\"EntryPoint\",\"urlTemplate\":\"https:\/\/delpiuedelmeno.it\/?s={search_term_string}\"},\"query-input\":{\"@type\":\"PropertyValueSpecification\",\"valueRequired\":true,\"valueName\":\"search_term_string\"}}],\"inLanguage\":\"en-GB\"},{\"@type\":\"Organization\",\"@id\":\"https:\/\/delpiuedelmeno.it\/#organization\",\"name\":\"Ciciarapp\",\"url\":\"https:\/\/delpiuedelmeno.it\/\",\"logo\":{\"@type\":\"ImageObject\",\"inLanguage\":\"en-GB\",\"@id\":\"https:\/\/delpiuedelmeno.it\/#\/schema\/logo\/image\/\",\"url\":\"https:\/\/delpiuedelmeno.it\/wp-content\/uploads\/2019\/11\/favicon.png\",\"contentUrl\":\"https:\/\/delpiuedelmeno.it\/wp-content\/uploads\/2019\/11\/favicon.png\",\"width\":512,\"height\":512,\"caption\":\"Ciciarapp\"},\"image\":{\"@id\":\"https:\/\/delpiuedelmeno.it\/#\/schema\/logo\/image\/\"}}]}<\/script>\n<!-- \/ Yoast SEO plugin. -->","yoast_head_json":{"title":"Privacy Policy - Del+Del-","robots":{"index":"index","follow":"follow","max-snippet":"max-snippet:-1","max-image-preview":"max-image-preview:large","max-video-preview":"max-video-preview:-1"},"canonical":"https:\/\/delpiuedelmeno.it\/en\/privacy-policy\/","og_locale":"en_GB","og_type":"article","og_title":"Privacy Policy - Del+Del-","og_description":"INFORMATIVA SUL TRATTAMENTO DEI DATI PERSONALI DEI VISITATORI DEL SITO AI SENSI DEL REGOLAMENTO (UE) 2016\/679 (&#8220;GDPR&#8221;) INTRODUZIONE Ai sensi dell&#8217;art. 13 [&hellip;]","og_url":"https:\/\/delpiuedelmeno.it\/en\/privacy-policy\/","og_site_name":"Del+Del-","article_modified_time":"2022-08-30T11:57:08+00:00","twitter_card":"summary_large_image","twitter_misc":{"Estimated reading time":"5 minutes"},"schema":{"@context":"https:\/\/schema.org","@graph":[{"@type":"WebPage","@id":"https:\/\/delpiuedelmeno.it\/privacy-policy\/","url":"https:\/\/delpiuedelmeno.it\/privacy-policy\/","name":"Privacy Policy - Del+Del-","isPartOf":{"@id":"https:\/\/delpiuedelmeno.it\/#website"},"datePublished":"2019-10-31T15:25:23+00:00","dateModified":"2022-08-30T11:57:08+00:00","breadcrumb":{"@id":"https:\/\/delpiuedelmeno.it\/privacy-policy\/#breadcrumb"},"inLanguage":"en-GB","potentialAction":[{"@type":"ReadAction","target":["https:\/\/delpiuedelmeno.it\/privacy-policy\/"]}]},{"@type":"BreadcrumbList","@id":"https:\/\/delpiuedelmeno.it\/privacy-policy\/#breadcrumb","itemListElement":[{"@type":"ListItem","position":1,"name":"Home","item":"https:\/\/delpiuedelmeno.it\/"},{"@type":"ListItem","position":2,"name":"Privacy Policy"}]},{"@type":"WebSite","@id":"https:\/\/delpiuedelmeno.it\/#website","url":"https:\/\/delpiuedelmeno.it\/","name":"Del+Del-","description":"Il web che trasforma la solitudine in chiacchiere","publisher":{"@id":"https:\/\/delpiuedelmeno.it\/#organization"},"potentialAction":[{"@type":"SearchAction","target":{"@type":"EntryPoint","urlTemplate":"https:\/\/delpiuedelmeno.it\/?s={search_term_string}"},"query-input":{"@type":"PropertyValueSpecification","valueRequired":true,"valueName":"search_term_string"}}],"inLanguage":"en-GB"},{"@type":"Organization","@id":"https:\/\/delpiuedelmeno.it\/#organization","name":"Ciciarapp","url":"https:\/\/delpiuedelmeno.it\/","logo":{"@type":"ImageObject","inLanguage":"en-GB","@id":"https:\/\/delpiuedelmeno.it\/#\/schema\/logo\/image\/","url":"https:\/\/delpiuedelmeno.it\/wp-content\/uploads\/2019\/11\/favicon.png","contentUrl":"https:\/\/delpiuedelmeno.it\/wp-content\/uploads\/2019\/11\/favicon.png","width":512,"height":512,"caption":"Ciciarapp"},"image":{"@id":"https:\/\/delpiuedelmeno.it\/#\/schema\/logo\/image\/"}}]}},"_links":{"self":[{"href":"https:\/\/delpiuedelmeno.it\/en\/wp-json\/wp\/v2\/pages\/3","targetHints":{"allow":["GET"]}}],"collection":[{"href":"https:\/\/delpiuedelmeno.it\/en\/wp-json\/wp\/v2\/pages"}],"about":[{"href":"https:\/\/delpiuedelmeno.it\/en\/wp-json\/wp\/v2\/types\/page"}],"author":[{"embeddable":true,"href":"https:\/\/delpiuedelmeno.it\/en\/wp-json\/wp\/v2\/users\/1"}],"replies":[{"embeddable":true,"href":"https:\/\/delpiuedelmeno.it\/en\/wp-json\/wp\/v2\/comments?post=3"}],"version-history":[{"count":11,"href":"https:\/\/delpiuedelmeno.it\/en\/wp-json\/wp\/v2\/pages\/3\/revisions"}],"predecessor-version":[{"id":517,"href":"https:\/\/delpiuedelmeno.it\/en\/wp-json\/wp\/v2\/pages\/3\/revisions\/517"}],"wp:attachment":[{"href":"https:\/\/delpiuedelmeno.it\/en\/wp-json\/wp\/v2\/media?parent=3"}],"curies":[{"name":"wp","href":"https:\/\/api.w.org\/{rel}","templated":true}]}}